{"id":17,"date":"2014-07-22T16:03:34","date_gmt":"2014-07-22T15:03:34","guid":{"rendered":"https:\/\/www.ukiyo-e-design.info\/wp_sovig\/?page_id=17"},"modified":"2026-02-06T10:40:39","modified_gmt":"2026-02-06T09:40:39","slug":"contact","status":"publish","type":"page","link":"https:\/\/www.ukiyo-e-design.info\/wp_sovig\/contact\/","title":{"rendered":"Contact"},"content":{"rendered":"\t\t<div data-elementor-type=\"wp-post\" data-elementor-id=\"17\" class=\"elementor elementor-17\" data-elementor-post-type=\"page\">\n\t\t\t\t\t\t<section class=\"elementor-section elementor-top-section elementor-element elementor-element-a2ea662 elementor-section-boxed elementor-section-height-default elementor-section-height-default\" data-id=\"a2ea662\" data-element_type=\"section\" data-e-type=\"section\">\n\t\t\t\t\t\t<div class=\"elementor-container elementor-column-gap-default\">\n\t\t\t\t\t<div class=\"elementor-column elementor-col-100 elementor-top-column elementor-element elementor-element-b9f8ab3\" data-id=\"b9f8ab3\" data-element_type=\"column\" data-e-type=\"column\" data-settings=\"{&quot;animation&quot;:&quot;none&quot;}\">\n\t\t\t<div class=\"elementor-widget-wrap elementor-element-populated\">\n\t\t\t\t\t\t<div class=\"elementor-element elementor-element-636cd2f elementor-widget elementor-widget-image\" data-id=\"636cd2f\" data-element_type=\"widget\" data-e-type=\"widget\" data-widget_type=\"image.default\">\n\t\t\t\t<div class=\"elementor-widget-container\">\n\t\t\t\t\t\t\t\t\t\t\t\t\t\t\t<img decoding=\"async\" width=\"40\" height=\"40\" src=\"https:\/\/www.ukiyo-e-design.info\/wp_sovig\/wp-content\/uploads\/2026\/02\/cercle-red.svg\" class=\"attachment-full size-full wp-image-2902\" alt=\"\" \/>\t\t\t\t\t\t\t\t\t\t\t\t\t\t\t<\/div>\n\t\t\t\t<\/div>\n\t\t\t\t<div class=\"elementor-element elementor-element-216bfdf elementor-widget elementor-widget-heading\" data-id=\"216bfdf\" data-element_type=\"widget\" data-e-type=\"widget\" data-widget_type=\"heading.default\">\n\t\t\t\t<div class=\"elementor-widget-container\">\n\t\t\t\t\t<h3 class=\"elementor-heading-title elementor-size-large\">Envie de colaborer ?<\/h3>\t\t\t\t<\/div>\n\t\t\t\t<\/div>\n\t\t\t\t<div class=\"elementor-element elementor-element-877b5d3 elementor-widget-divider--view-line elementor-widget elementor-widget-divider\" data-id=\"877b5d3\" data-element_type=\"widget\" data-e-type=\"widget\" data-widget_type=\"divider.default\">\n\t\t\t\t<div class=\"elementor-widget-container\">\n\t\t\t\t\t\t\t<div class=\"elementor-divider\">\n\t\t\t<span class=\"elementor-divider-separator\">\n\t\t\t\t\t\t<\/span>\n\t\t<\/div>\n\t\t\t\t\t\t<\/div>\n\t\t\t\t<\/div>\n\t\t\t\t<div class=\"elementor-element elementor-element-9ea886c elementor-widget elementor-widget-heading\" data-id=\"9ea886c\" data-element_type=\"widget\" data-e-type=\"widget\" data-widget_type=\"heading.default\">\n\t\t\t\t<div class=\"elementor-widget-container\">\n\t\t\t\t\t<span class=\"elementor-heading-title elementor-size-large\">Contactez-moi<\/span>\t\t\t\t<\/div>\n\t\t\t\t<\/div>\n\t\t\t\t\t<\/div>\n\t\t<\/div>\n\t\t\t\t\t<\/div>\n\t\t<\/section>\n\t\t\t\t<section class=\"elementor-section elementor-top-section elementor-element elementor-element-02ve21f elementor-section-boxed elementor-section-height-default elementor-section-height-default\" data-id=\"02ve21f\" data-element_type=\"section\" data-e-type=\"section\">\n\t\t\t\t\t\t<div class=\"elementor-container elementor-column-gap-default\">\n\t\t\t\t\t<div class=\"elementor-column elementor-col-50 elementor-top-column elementor-element elementor-element-bkm3u8d\" data-id=\"bkm3u8d\" data-element_type=\"column\" data-e-type=\"column\">\n\t\t\t<div class=\"elementor-widget-wrap elementor-element-populated\">\n\t\t\t\t\t\t<div class=\"elementor-element elementor-element-4zpf87e elementor-widget elementor-widget-shortcode\" data-id=\"4zpf87e\" data-element_type=\"widget\" data-e-type=\"widget\" data-widget_type=\"shortcode.default\">\n\t\t\t\t<div class=\"elementor-widget-container\">\n\t\t\t\t\t\t\t<div class=\"elementor-shortcode\">\n<div class=\"wpcf7 no-js\" id=\"wpcf7-f21-o1\" lang=\"fr-FR\" dir=\"ltr\" data-wpcf7-id=\"21\">\n<div class=\"screen-reader-response\"><p role=\"status\" aria-live=\"polite\" aria-atomic=\"true\"><\/p> <ul><\/ul><\/div>\n<form action=\"\/wp_sovig\/wp-json\/wp\/v2\/pages\/17#wpcf7-f21-o1\" method=\"post\" class=\"wpcf7-form init\" aria-label=\"Formulaire de contact\" novalidate=\"novalidate\" data-status=\"init\">\n<fieldset class=\"hidden-fields-container\"><input type=\"hidden\" name=\"_wpcf7\" value=\"21\" \/><input type=\"hidden\" name=\"_wpcf7_version\" value=\"6.1.4\" \/><input type=\"hidden\" name=\"_wpcf7_locale\" value=\"fr_FR\" \/><input type=\"hidden\" name=\"_wpcf7_unit_tag\" value=\"wpcf7-f21-o1\" \/><input type=\"hidden\" name=\"_wpcf7_container_post\" value=\"0\" \/><input type=\"hidden\" name=\"_wpcf7_posted_data_hash\" value=\"\" \/>\n<\/fieldset>\n<p>Votre nom (obligatoire)\n<\/p>\n<p><span class=\"wpcf7-form-control-wrap\" data-name=\"your-name\"><input size=\"40\" maxlength=\"400\" class=\"wpcf7-form-control wpcf7-text wpcf7-validates-as-required\" aria-required=\"true\" aria-invalid=\"false\" value=\"\" type=\"text\" name=\"your-name\" \/><\/span>\n<\/p>\n<p>Votre email (obligatoire)\n<\/p>\n<p><span class=\"wpcf7-form-control-wrap\" data-name=\"your-email\"><input size=\"40\" maxlength=\"400\" class=\"wpcf7-form-control wpcf7-email wpcf7-validates-as-required wpcf7-text wpcf7-validates-as-email\" aria-required=\"true\" aria-invalid=\"false\" value=\"\" type=\"email\" name=\"your-email\" \/><\/span>\n<\/p>\n<p>Sujet\n<\/p>\n<p><span class=\"wpcf7-form-control-wrap\" data-name=\"your-subject\"><input size=\"40\" maxlength=\"400\" class=\"wpcf7-form-control wpcf7-text\" aria-invalid=\"false\" value=\"\" type=\"text\" name=\"your-subject\" \/><\/span>\n<\/p>\n<p>Votre message\n<\/p>\n<p><span class=\"wpcf7-form-control-wrap\" data-name=\"your-message\"><textarea cols=\"40\" rows=\"10\" maxlength=\"2000\" class=\"wpcf7-form-control wpcf7-textarea\" aria-invalid=\"false\" name=\"your-message\"><\/textarea><\/span>\n<\/p>\n<p>Recopier ceci ici <input type=\"hidden\" name=\"_wpcf7_captcha_challenge_captcha-128\" value=\"709641008\" \/><img decoding=\"async\" class=\"wpcf7-form-control wpcf7-captchac wpcf7-captcha-captcha-128\" width=\"72\" height=\"24\" alt=\"captcha\" src=\"https:\/\/www.ukiyo-e-design.info\/wp_sovig\/wp-content\/uploads\/wpcf7_captcha\/709641008.png\" \/> :\n<\/p>\n<p><span class=\"wpcf7-form-control-wrap\" data-name=\"captcha-128\"><input size=\"40\" class=\"wpcf7-form-control wpcf7-captchar\" autocomplete=\"off\" aria-invalid=\"false\" value=\"\" type=\"text\" name=\"captcha-128\" \/><\/span>\n<\/p>\n<p><input class=\"wpcf7-form-control wpcf7-submit has-spinner\" type=\"submit\" value=\"Envoyer\" \/>\n<\/p><p style=\"display: none !important;\" class=\"akismet-fields-container\" data-prefix=\"_wpcf7_ak_\"><label>&#916;<textarea name=\"_wpcf7_ak_hp_textarea\" cols=\"45\" rows=\"8\" maxlength=\"100\"><\/textarea><\/label><input type=\"hidden\" id=\"ak_js_1\" name=\"_wpcf7_ak_js\" value=\"3\"\/><script>document.getElementById( \"ak_js_1\" ).setAttribute( \"value\", ( new Date() ).getTime() );<\/script><\/p><div class=\"wpcf7-response-output\" aria-hidden=\"true\"><\/div>\n<\/form>\n<\/div>\n<\/div>\n\t\t\t\t\t\t<\/div>\n\t\t\t\t<\/div>\n\t\t\t\t\t<\/div>\n\t\t<\/div>\n\t\t\t\t<div class=\"elementor-column elementor-col-50 elementor-top-column elementor-element elementor-element-dnbn2te\" data-id=\"dnbn2te\" data-element_type=\"column\" data-e-type=\"column\">\n\t\t\t<div class=\"elementor-widget-wrap elementor-element-populated\">\n\t\t\t\t\t\t<div class=\"elementor-element elementor-element-ysh06fx elementor-widget elementor-widget-image\" data-id=\"ysh06fx\" data-element_type=\"widget\" data-e-type=\"widget\" data-widget_type=\"image.default\">\n\t\t\t\t<div class=\"elementor-widget-container\">\n\t\t\t\t\t\t\t\t\t\t\t\t\t\t\t<img fetchpriority=\"high\" decoding=\"async\" width=\"1020\" height=\"678\" src=\"https:\/\/www.ukiyo-e-design.info\/wp_sovig\/wp-content\/uploads\/2014\/07\/cafe-1020x678.png\" class=\"attachment-large size-large wp-image-825\" alt=\"caf\u00e9\" srcset=\"https:\/\/www.ukiyo-e-design.info\/wp_sovig\/wp-content\/uploads\/2014\/07\/cafe-1020x678.png 1020w, https:\/\/www.ukiyo-e-design.info\/wp_sovig\/wp-content\/uploads\/2014\/07\/cafe-632x420.png 632w, https:\/\/www.ukiyo-e-design.info\/wp_sovig\/wp-content\/uploads\/2014\/07\/cafe-768x510.png 768w, https:\/\/www.ukiyo-e-design.info\/wp_sovig\/wp-content\/uploads\/2014\/07\/cafe-272x182.png 272w, https:\/\/www.ukiyo-e-design.info\/wp_sovig\/wp-content\/uploads\/2014\/07\/cafe.png 1920w\" sizes=\"(max-width: 1020px) 100vw, 1020px\" \/>\t\t\t\t\t\t\t\t\t\t\t\t\t\t\t<\/div>\n\t\t\t\t<\/div>\n\t\t\t\t<div class=\"elementor-element elementor-element-3sycrh1 elementor-widget elementor-widget-text-editor\" data-id=\"3sycrh1\" data-element_type=\"widget\" data-e-type=\"widget\" data-widget_type=\"text-editor.default\">\n\t\t\t\t<div class=\"elementor-widget-container\">\n\t\t\t\t\t\t\t\t\t<p>Rencontrons-nous autour d&rsquo;un bon caf\u00e9 ou si vous pr\u00e9f\u00e9rez un th\u00e9 pour discuter de votre projet, votre id\u00e9e ou pour une simple question.<br \/>Ne gardez plus vos doutes et interrogations pour vous ! N\u2019h\u00e9sitez pas \u00e0 me consulter.<\/p>\t\t\t\t\t\t\t\t<\/div>\n\t\t\t\t<\/div>\n\t\t\t\t<div class=\"elementor-element elementor-element-s9ysp1b elementor-widget-divider--view-line elementor-widget elementor-widget-divider\" data-id=\"s9ysp1b\" data-element_type=\"widget\" data-e-type=\"widget\" data-widget_type=\"divider.default\">\n\t\t\t\t<div class=\"elementor-widget-container\">\n\t\t\t\t\t\t\t<div class=\"elementor-divider\">\n\t\t\t<span class=\"elementor-divider-separator\">\n\t\t\t\t\t\t<\/span>\n\t\t<\/div>\n\t\t\t\t\t\t<\/div>\n\t\t\t\t<\/div>\n\t\t\t\t<div class=\"elementor-element elementor-element-wmk97oi elementor-widget elementor-widget-text-editor\" data-id=\"wmk97oi\" data-element_type=\"widget\" data-e-type=\"widget\" data-widget_type=\"text-editor.default\">\n\t\t\t\t<div class=\"elementor-widget-container\">\n\t\t\t\t\t\t\t\t\t<p><strong><span class=\"color1\">Ukiyo-e-design | Sophie Viguier<\/span><\/strong><br \/> 467 chemin du ch\u00eane<br \/> 82170 Pompignan<\/p>\t\t\t\t\t\t\t\t<\/div>\n\t\t\t\t<\/div>\n\t\t\t\t<div class=\"elementor-element elementor-element-fefb47a elementor-widget elementor-widget-image\" data-id=\"fefb47a\" data-element_type=\"widget\" data-e-type=\"widget\" data-widget_type=\"image.default\">\n\t\t\t\t<div class=\"elementor-widget-container\">\n\t\t\t\t\t\t\t\t\t\t\t\t\t\t\t<img loading=\"lazy\" decoding=\"async\" width=\"1020\" height=\"232\" src=\"https:\/\/www.ukiyo-e-design.info\/wp_sovig\/wp-content\/uploads\/2026\/02\/sakura-1020x232.png\" class=\"attachment-large size-large wp-image-2809\" alt=\"\" srcset=\"https:\/\/www.ukiyo-e-design.info\/wp_sovig\/wp-content\/uploads\/2026\/02\/sakura-1020x232.png 1020w, https:\/\/www.ukiyo-e-design.info\/wp_sovig\/wp-content\/uploads\/2026\/02\/sakura-632x144.png 632w, https:\/\/www.ukiyo-e-design.info\/wp_sovig\/wp-content\/uploads\/2026\/02\/sakura-768x175.png 768w, https:\/\/www.ukiyo-e-design.info\/wp_sovig\/wp-content\/uploads\/2026\/02\/sakura.png 1024w\" sizes=\"(max-width: 1020px) 100vw, 1020px\" \/>\t\t\t\t\t\t\t\t\t\t\t\t\t\t\t<\/div>\n\t\t\t\t<\/div>\n\t\t\t\t\t<\/div>\n\t\t<\/div>\n\t\t\t\t\t<\/div>\n\t\t<\/section>\n\t\t\t\t<section class=\"elementor-section elementor-top-section elementor-element elementor-element-ozlxzaj elementor-section-full_width elementor-section-stretched elementor-section-height-default elementor-section-height-default\" data-id=\"ozlxzaj\" data-element_type=\"section\" data-e-type=\"section\" data-settings=\"{&quot;stretch_section&quot;:&quot;section-stretched&quot;}\">\n\t\t\t\t\t\t<div class=\"elementor-container elementor-column-gap-no\">\n\t\t\t\t\t<div class=\"elementor-column elementor-col-100 elementor-top-column elementor-element elementor-element-jwteokq\" data-id=\"jwteokq\" data-element_type=\"column\" data-e-type=\"column\">\n\t\t\t<div class=\"elementor-widget-wrap elementor-element-populated\">\n\t\t\t\t\t\t<div class=\"elementor-element elementor-element-lxoaqyx elementor-invisible elementor-widget elementor-widget-google_maps\" data-id=\"lxoaqyx\" data-element_type=\"widget\" data-e-type=\"widget\" data-settings=\"{&quot;_animation&quot;:&quot;fadeIn&quot;}\" data-widget_type=\"google_maps.default\">\n\t\t\t\t<div class=\"elementor-widget-container\">\n\t\t\t\t\t\t\t<div class=\"elementor-custom-embed\">\n\t\t\t<iframe loading=\"lazy\"\n\t\t\t\t\tsrc=\"https:\/\/maps.google.com\/maps?q=467%2C%20chemin%20du%20ch%C3%AAne%2C%20Pompignan%2C%20France&#038;t=m&#038;z=14&#038;output=embed&#038;iwloc=near\"\n\t\t\t\t\ttitle=\"467, chemin du ch\u00eane, Pompignan, France\"\n\t\t\t\t\taria-label=\"467, chemin du ch\u00eane, Pompignan, France\"\n\t\t\t><\/iframe>\n\t\t<\/div>\n\t\t\t\t\t\t<\/div>\n\t\t\t\t<\/div>\n\t\t\t\t\t<\/div>\n\t\t<\/div>\n\t\t\t\t\t<\/div>\n\t\t<\/section>\n\t\t\t\t<\/div>\n\t\t","protected":false},"excerpt":{"rendered":"<p>Envie de colaborer ? Contactez-moi Rencontrons-nous autour d&rsquo;un bon caf\u00e9 ou si vous pr\u00e9f\u00e9rez un th\u00e9 pour discuter de votre projet, votre id\u00e9e ou pour une simple question.Ne gardez plus vos doutes et interrogations pour vous ! N\u2019h\u00e9sitez pas \u00e0 me consulter. Ukiyo-e-design | Sophie Viguier 467 chemin du ch\u00eane 82170 Pompignan<\/p>\n","protected":false},"author":1,"featured_media":0,"parent":0,"menu_order":0,"comment_status":"closed","ping_status":"closed","template":"elementor_header_footer","meta":{"inline_featured_image":false,"footnotes":""},"class_list":["post-17","page","type-page","status-publish","hentry","no-thumb"],"_links":{"self":[{"href":"https:\/\/www.ukiyo-e-design.info\/wp_sovig\/wp-json\/wp\/v2\/pages\/17","targetHints":{"allow":["GET"]}}],"collection":[{"href":"https:\/\/www.ukiyo-e-design.info\/wp_sovig\/wp-json\/wp\/v2\/pages"}],"about":[{"href":"https:\/\/www.ukiyo-e-design.info\/wp_sovig\/wp-json\/wp\/v2\/types\/page"}],"author":[{"embeddable":true,"href":"https:\/\/www.ukiyo-e-design.info\/wp_sovig\/wp-json\/wp\/v2\/users\/1"}],"replies":[{"embeddable":true,"href":"https:\/\/www.ukiyo-e-design.info\/wp_sovig\/wp-json\/wp\/v2\/comments?post=17"}],"version-history":[{"count":58,"href":"https:\/\/www.ukiyo-e-design.info\/wp_sovig\/wp-json\/wp\/v2\/pages\/17\/revisions"}],"predecessor-version":[{"id":2963,"href":"https:\/\/www.ukiyo-e-design.info\/wp_sovig\/wp-json\/wp\/v2\/pages\/17\/revisions\/2963"}],"wp:attachment":[{"href":"https:\/\/www.ukiyo-e-design.info\/wp_sovig\/wp-json\/wp\/v2\/media?parent=17"}],"curies":[{"name":"wp","href":"https:\/\/api.w.org\/{rel}","templated":true}]}}